{"id":29308,"date":"2026-01-08T15:56:54","date_gmt":"2026-01-08T14:56:54","guid":{"rendered":"https:\/\/www.ascona-locarno-run.ch\/come-raggiungerci\/"},"modified":"2026-01-21T10:55:18","modified_gmt":"2026-01-21T09:55:18","slug":"comment-nous-rejoindre","status":"publish","type":"page","link":"https:\/\/www.ascona-locarno-run.ch\/fr\/comment-nous-rejoindre\/","title":{"rendered":"Comment nous rejoindre"},"content":{"rendered":"<div class=\"fusion-fullwidth fullwidth-box fusion-builder-row-1 fusion-flex-container has-pattern-background has-mask-background nonhundred-percent-fullwidth non-hundred-percent-height-scrolling\" style=\"--awb-border-radius-top-left:0px;--awb-border-radius-top-right:0px;--awb-border-radius-bottom-right:0px;--awb-border-radius-bottom-left:0px;--awb-flex-wrap:wrap;\" ><div class=\"fusion-builder-row fusion-row fusion-flex-align-items-flex-start fusion-flex-content-wrap\" style=\"max-width:1144px;margin-left: calc(-4% \/ 2 );margin-right: calc(-4% \/ 2 );\"><div class=\"fusion-layout-column fusion_builder_column fusion-builder-column-0 fusion_builder_column_1_1 1_1 fusion-flex-column\" style=\"--awb-bg-size:cover;--awb-width-large:100%;--awb-margin-top-large:0px;--awb-spacing-right-large:1.92%;--awb-margin-bottom-large:20px;--awb-spacing-left-large:1.92%;--awb-width-medium:100%;--awb-order-medium:0;--awb-spacing-right-medium:1.92%;--awb-spacing-left-medium:1.92%;--awb-width-small:100%;--awb-order-small:0;--awb-spacing-right-small:1.92%;--awb-spacing-left-small:1.92%;\"><div class=\"fusion-column-wrapper fusion-column-has-shadow fusion-flex-justify-content-flex-start fusion-content-layout-column\"><div class=\"accordian fusion-accordian\" style=\"--awb-border-size:0px;--awb-icon-size:30px;--awb-content-font-size:var(--awb-typography4-font-size);--awb-content-letter-spacing:var(--awb-typography4-letter-spacing);--awb-content-text-transform:var(--awb-typography4-text-transform);--awb-content-line-height:var(--awb-typography4-line-height);--awb-icon-alignment:left;--awb-hover-color:var(--awb-custom10);--awb-border-color:rgba(204,204,204,0);--awb-background-color:var(--awb-custom10);--awb-divider-color:#e0dede;--awb-divider-hover-color:#e0dede;--awb-icon-color:var(--awb-color6);--awb-title-color:#ff0000;--awb-content-color:#222222;--awb-icon-box-color:#333333;--awb-toggle-hover-accent-color:var(--awb-color7);--awb-title-font-family:&quot;Poppins&quot;;--awb-title-font-weight:600;--awb-title-font-style:italic;--awb-title-font-size:var(--awb-typography2-font-size);--awb-title-letter-spacing:var(--awb-typography2-letter-spacing);--awb-title-line-height:var(--awb-typography2-line-height);--awb-title-text-transform:var(--awb-typography2-text-transform);--awb-content-font-family:var(--awb-typography4-font-family);--awb-content-font-weight:var(--awb-typography4-font-weight);--awb-content-font-style:var(--awb-typography4-font-style);\"><div class=\"panel-group fusion-toggle-icon-unboxed\" id=\"accordion-29308-1\"><div class=\"fusion-panel panel-default panel-675cdcb889bab5b6b fusion-toggle-no-divider fusion-toggle-boxed-mode\" style=\"--awb-title-color:#ff0000;--awb-content-color:#222222;\"><div class=\"panel-heading\"><h3 class=\"panel-title toggle\" id=\"toggle_675cdcb889bab5b6b\"><a aria-expanded=\"false\" aria-controls=\"675cdcb889bab5b6b\" role=\"button\" data-toggle=\"collapse\" data-parent=\"#accordion-29308-1\" data-target=\"#675cdcb889bab5b6b\" href=\"#675cdcb889bab5b6b\"><span class=\"fusion-toggle-icon-wrapper\" aria-hidden=\"true\"><i class=\"fa-fusion-box active-icon fa-angle-up fas\" aria-hidden=\"true\"><\/i><i class=\"fa-fusion-box inactive-icon fa-angle-down fas\" aria-hidden=\"true\"><\/i><\/span><span class=\"fusion-toggle-heading\">TRAIN<\/span><\/a><\/h3><\/div><div id=\"675cdcb889bab5b6b\" class=\"panel-collapse collapse \" aria-labelledby=\"toggle_675cdcb889bab5b6b\"><div class=\"panel-body toggle-content fusion-clearfix\">\n<div class=\"fusion-text fusion-text-3\">\n<p>Depuis l\u2019Europe du Nord et l\u2019int\u00e9rieur de la Suisse, vous pouvez rejoindre la r\u00e9gion du lac Majeur en utilisant la ligne ferroviaire internationale B\u00e2le-Milan ou Zurich-Milan avec ses trains directs, Intercity et Eurocity. \u00c0 Bellinzone, il est n\u00e9cessaire de changer de train (sauf en cas de correspondance directe) en direction de Locarno sur le lac Majeur.<\/p>\n<p>De Domodossola (sur l\u2019axe de la ligne internationale du Simplon), on peut acc\u00e9der \u00e0 toute la r\u00e9gion gr\u00e2ce \u00e0 la ligne internationale \u00e0 voie \u00e9troite des Centovalli, un voyage particuli\u00e8rement romantique.<\/p>\n<p>Avec la ligne Milan-Centrale via C\u00f4me, vous pouvez rejoindre le Tessin depuis toutes les r\u00e9gions de l\u2019Europe m\u00e9diterran\u00e9enne, aussi bien avec les trains Intercity qu\u2019avec le train rapide Eurocity.<\/p>\n<p>Vous pouvez rechercher ci-dessous la connexion qui vous convient.<\/p>\n<ul>\n<li><a href=\"https:\/\/www.sbb.ch\/fr\/loisirs-vacances\/idees\/offre.html\/veranstaltungen\/ascona-locarno-run?at_medium=affiliate&amp;at_campaign=RAW_2024_127&amp;at_type=website_Partner_FR\">FFS<\/a><\/li>\n<li><a href=\"http:\/\/www.tilo.ch\/it\/\">Tilo<\/a><\/li>\n<li><a href=\"http:\/\/www.centovalli.ch\/?lang=IT\" target=\"_blank\" rel=\"noopener\">Centovalli (FART)<\/a> ou <a href=\"https:\/\/www.vigezzinacentovalli.com\/fr\/\" target=\"_blank\" rel=\"noopener\">Ferrovia Vigezzina-Centovalli<\/a><\/li>\n<\/ul>\n<\/div>\n<\/div><\/div><\/div><div class=\"fusion-panel panel-default panel-de08a50ce16c36971 fusion-toggle-no-divider fusion-toggle-boxed-mode\" style=\"--awb-title-color:#ff0000;--awb-content-color:#222222;\"><div class=\"panel-heading\"><h3 class=\"panel-title toggle\" id=\"toggle_de08a50ce16c36971\"><a aria-expanded=\"false\" aria-controls=\"de08a50ce16c36971\" role=\"button\" data-toggle=\"collapse\" data-parent=\"#accordion-29308-1\" data-target=\"#de08a50ce16c36971\" href=\"#de08a50ce16c36971\"><span class=\"fusion-toggle-icon-wrapper\" aria-hidden=\"true\"><i class=\"fa-fusion-box active-icon fa-angle-up fas\" aria-hidden=\"true\"><\/i><i class=\"fa-fusion-box inactive-icon fa-angle-down fas\" aria-hidden=\"true\"><\/i><\/span><span class=\"fusion-toggle-heading\">VOITURE<\/span><\/a><\/h3><\/div><div id=\"de08a50ce16c36971\" class=\"panel-collapse collapse \" aria-labelledby=\"toggle_de08a50ce16c36971\"><div class=\"panel-body toggle-content fusion-clearfix\">\n<div class=\"fusion-text fusion-text-4\">\n<p>Nous vous recommandons de garer votre voiture \u00e0 la fronti\u00e8re ou dans une zone accessible aux transports publics*.<\/p>\n<p>Vous pouvez facilement rejoindre la r\u00e9gion du lac Majeur en voiture :<\/p>\n<ul>\n<li>du sud avec l\u2019autoroute des lacs de Milan \u00e0 la fronti\u00e8re suisse \u00e0 Chiasso-Brogeda, puis avec l\u2019autoroute A2 en direction du nord, en suivant les indications pour le Gothard et en passant par Mendrisio, Lugano, Bellinzona et en prenant l\u2019embranchement pour Locarno et le lac Majeur.<\/li>\n<li>En provenance du Nord, par l\u2019autoroute A2, en direction de Bellinzona (sortie Bellinzona sud, puis suivre les indications pour Locarno et le Lac Majeur).<\/li>\n<li>En venant du Nord, vous pouvez arriver en traversant le col du Simplon, en suivant la E62 jusqu\u2019\u00e0 Domodossola, puis en suivant les indications pour Locarno et la SS337 (Valle Vigezzo).<\/li>\n<\/ul>\n<p>Les voies de communication au Tessin sont particuli\u00e8rement s\u00fbres et modernes.<\/p>\n<p><strong>Allumez les phares: maintenant aussi pendant la journ\u00e9e.<\/strong><\/p>\n<p>En Suisse, tous les usagers motoris\u00e9s de la route sont tenus par la loi d\u2019allumer leurs phares pendant la journ\u00e9e.<\/p>\n<p><strong>Voir aussi: <a href=\"https:\/\/www.tcs.ch\/fr\/tools\/inforoute-situation-trafic\/\" target=\"_blank\" rel=\"noopener noreferrer\">TCS \u2013 Infostrada<\/a><\/strong><\/p>\n<p>Vous trouverez ici tout ce dont vous avez besoin pour planifier votre voyage : itin\u00e9raire, pr\u00e9visions de trafic, m\u00e9t\u00e9o routi\u00e8re et bien s\u00fbr la situation actuelle sur le r\u00e9seau routier suisse.<\/p>\n<p><em>* Frais de stationnement \u00e0 vos frais.<\/em><\/p>\n<\/div>\n<\/div><\/div><\/div><div class=\"fusion-panel panel-default panel-03ec492694df33e0d fusion-toggle-no-divider fusion-toggle-boxed-mode\" style=\"--awb-title-color:#ff0000;--awb-content-color:#222222;\"><div class=\"panel-heading\"><h3 class=\"panel-title toggle\" id=\"toggle_03ec492694df33e0d\"><a aria-expanded=\"false\" aria-controls=\"03ec492694df33e0d\" role=\"button\" data-toggle=\"collapse\" data-parent=\"#accordion-29308-1\" data-target=\"#03ec492694df33e0d\" href=\"#03ec492694df33e0d\"><span class=\"fusion-toggle-icon-wrapper\" aria-hidden=\"true\"><i class=\"fa-fusion-box active-icon fa-angle-up fas\" aria-hidden=\"true\"><\/i><i class=\"fa-fusion-box inactive-icon fa-angle-down fas\" aria-hidden=\"true\"><\/i><\/span><span class=\"fusion-toggle-heading\">AVION<\/span><\/a><\/h3><\/div><div id=\"03ec492694df33e0d\" class=\"panel-collapse collapse \" aria-labelledby=\"toggle_03ec492694df33e0d\"><div class=\"panel-body toggle-content fusion-clearfix\">\n<p>Vous pouvez facilement rejoindre Ascona-Locarno depuis deux a\u00e9roports internationaux situ\u00e9s pr\u00e8s de la r\u00e9gion du Lac Majeur!<strong>*<\/strong><\/p>\n<p>De l\u2019a\u00e9roport international de Zurich-Kloten, vous pouvez prendre le train directement pour Locarno.<\/p>\n<p>De l\u2019a\u00e9roport international Malpensa de Milan, vous pouvez prendre le train pour Locarno.<\/p>\n<p><em>*Tous les transports sont \u00e0 la charge des participants aux courses.<\/em><\/p>\n<\/div><\/div><\/div><\/div><\/div><\/div><\/div><\/div><\/div>\n","protected":false},"excerpt":{"rendered":"","protected":false},"author":8,"featured_media":0,"parent":0,"menu_order":0,"comment_status":"closed","ping_status":"closed","template":"","meta":{"footnotes":""},"class_list":["post-29308","page","type-page","status-publish","hentry"],"yoast_head":"<!-- This site is optimized with the Yoast SEO plugin v27.3 - https:\/\/yoast.com\/product\/yoast-seo-wordpress\/ -->\n<title>Comment nous rejoindre - Ascona Locarno Run<\/title>\n<meta name=\"robots\" content=\"index, follow, max-snippet:-1, max-image-preview:large, max-video-preview:-1\" \/>\n<link rel=\"canonical\" href=\"https:\/\/www.ascona-locarno-run.ch\/fr\/comment-nous-rejoindre\/\" \/>\n<meta property=\"og:locale\" content=\"fr_FR\" \/>\n<meta property=\"og:type\" content=\"article\" \/>\n<meta property=\"og:title\" content=\"Comment nous rejoindre - Ascona Locarno Run\" \/>\n<meta property=\"og:url\" content=\"https:\/\/www.ascona-locarno-run.ch\/fr\/comment-nous-rejoindre\/\" \/>\n<meta property=\"og:site_name\" content=\"Ascona Locarno Run\" \/>\n<meta property=\"article:publisher\" content=\"https:\/\/www.facebook.com\/AsconaLocarnoRun\/\" \/>\n<meta property=\"article:modified_time\" content=\"2026-01-21T09:55:18+00:00\" \/>\n<meta property=\"og:image\" content=\"https:\/\/www.ascona-locarno-run.ch\/wp-content\/uploads\/2024\/03\/alr-FB-cover-2024.jpg\" \/>\n\t<meta property=\"og:image:width\" content=\"851\" \/>\n\t<meta property=\"og:image:height\" content=\"315\" \/>\n\t<meta property=\"og:image:type\" content=\"image\/jpeg\" \/>\n<meta name=\"twitter:card\" content=\"summary_large_image\" \/>\n<meta name=\"twitter:label1\" content=\"Dur\u00e9e de lecture estim\u00e9e\" \/>\n\t<meta name=\"twitter:data1\" content=\"3 minutes\" \/>\n<script type=\"application\/ld+json\" class=\"yoast-schema-graph\">{\"@context\":\"https:\\\/\\\/schema.org\",\"@graph\":[{\"@type\":\"WebPage\",\"@id\":\"https:\\\/\\\/www.ascona-locarno-run.ch\\\/fr\\\/comment-nous-rejoindre\\\/\",\"url\":\"https:\\\/\\\/www.ascona-locarno-run.ch\\\/fr\\\/comment-nous-rejoindre\\\/\",\"name\":\"Comment nous rejoindre - Ascona Locarno Run\",\"isPartOf\":{\"@id\":\"https:\\\/\\\/www.ascona-locarno-run.ch\\\/#website\"},\"datePublished\":\"2026-01-08T14:56:54+00:00\",\"dateModified\":\"2026-01-21T09:55:18+00:00\",\"breadcrumb\":{\"@id\":\"https:\\\/\\\/www.ascona-locarno-run.ch\\\/fr\\\/comment-nous-rejoindre\\\/#breadcrumb\"},\"inLanguage\":\"fr-FR\",\"potentialAction\":[{\"@type\":\"ReadAction\",\"target\":[\"https:\\\/\\\/www.ascona-locarno-run.ch\\\/fr\\\/comment-nous-rejoindre\\\/\"]}]},{\"@type\":\"BreadcrumbList\",\"@id\":\"https:\\\/\\\/www.ascona-locarno-run.ch\\\/fr\\\/comment-nous-rejoindre\\\/#breadcrumb\",\"itemListElement\":[{\"@type\":\"ListItem\",\"position\":1,\"name\":\"Home\",\"item\":\"https:\\\/\\\/www.ascona-locarno-run.ch\\\/fr\\\/\"},{\"@type\":\"ListItem\",\"position\":2,\"name\":\"Comment nous rejoindre\"}]},{\"@type\":\"WebSite\",\"@id\":\"https:\\\/\\\/www.ascona-locarno-run.ch\\\/#website\",\"url\":\"https:\\\/\\\/www.ascona-locarno-run.ch\\\/\",\"name\":\"Ascona-Locarno Run\",\"description\":\"L\u2019endroit parfait pour votre course !\u00a0\",\"publisher\":{\"@id\":\"https:\\\/\\\/www.ascona-locarno-run.ch\\\/#organization\"},\"potentialAction\":[{\"@type\":\"SearchAction\",\"target\":{\"@type\":\"EntryPoint\",\"urlTemplate\":\"https:\\\/\\\/www.ascona-locarno-run.ch\\\/?s={search_term_string}\"},\"query-input\":{\"@type\":\"PropertyValueSpecification\",\"valueRequired\":true,\"valueName\":\"search_term_string\"}}],\"inLanguage\":\"fr-FR\"},{\"@type\":\"Organization\",\"@id\":\"https:\\\/\\\/www.ascona-locarno-run.ch\\\/#organization\",\"name\":\"Ascona-Locarno Run\",\"url\":\"https:\\\/\\\/www.ascona-locarno-run.ch\\\/\",\"logo\":{\"@type\":\"ImageObject\",\"inLanguage\":\"fr-FR\",\"@id\":\"https:\\\/\\\/www.ascona-locarno-run.ch\\\/#\\\/schema\\\/logo\\\/image\\\/\",\"url\":\"https:\\\/\\\/www.ascona-locarno-run.ch\\\/wp-content\\\/uploads\\\/2024\\\/02\\\/logo-alr-colored.png\",\"contentUrl\":\"https:\\\/\\\/www.ascona-locarno-run.ch\\\/wp-content\\\/uploads\\\/2024\\\/02\\\/logo-alr-colored.png\",\"width\":800,\"height\":368,\"caption\":\"Ascona-Locarno Run\"},\"image\":{\"@id\":\"https:\\\/\\\/www.ascona-locarno-run.ch\\\/#\\\/schema\\\/logo\\\/image\\\/\"},\"sameAs\":[\"https:\\\/\\\/www.facebook.com\\\/AsconaLocarnoRun\\\/\",\"https:\\\/\\\/www.instagram.com\\\/ascona_locarno_run\\\/\"]}]}<\/script>\n<!-- \/ Yoast SEO plugin. -->","yoast_head_json":{"title":"Comment nous rejoindre - Ascona Locarno Run","robots":{"index":"index","follow":"follow","max-snippet":"max-snippet:-1","max-image-preview":"max-image-preview:large","max-video-preview":"max-video-preview:-1"},"canonical":"https:\/\/www.ascona-locarno-run.ch\/fr\/comment-nous-rejoindre\/","og_locale":"fr_FR","og_type":"article","og_title":"Comment nous rejoindre - Ascona Locarno Run","og_url":"https:\/\/www.ascona-locarno-run.ch\/fr\/comment-nous-rejoindre\/","og_site_name":"Ascona Locarno Run","article_publisher":"https:\/\/www.facebook.com\/AsconaLocarnoRun\/","article_modified_time":"2026-01-21T09:55:18+00:00","og_image":[{"width":851,"height":315,"url":"https:\/\/www.ascona-locarno-run.ch\/wp-content\/uploads\/2024\/03\/alr-FB-cover-2024.jpg","type":"image\/jpeg"}],"twitter_card":"summary_large_image","twitter_misc":{"Dur\u00e9e de lecture estim\u00e9e":"3 minutes"},"schema":{"@context":"https:\/\/schema.org","@graph":[{"@type":"WebPage","@id":"https:\/\/www.ascona-locarno-run.ch\/fr\/comment-nous-rejoindre\/","url":"https:\/\/www.ascona-locarno-run.ch\/fr\/comment-nous-rejoindre\/","name":"Comment nous rejoindre - Ascona Locarno Run","isPartOf":{"@id":"https:\/\/www.ascona-locarno-run.ch\/#website"},"datePublished":"2026-01-08T14:56:54+00:00","dateModified":"2026-01-21T09:55:18+00:00","breadcrumb":{"@id":"https:\/\/www.ascona-locarno-run.ch\/fr\/comment-nous-rejoindre\/#breadcrumb"},"inLanguage":"fr-FR","potentialAction":[{"@type":"ReadAction","target":["https:\/\/www.ascona-locarno-run.ch\/fr\/comment-nous-rejoindre\/"]}]},{"@type":"BreadcrumbList","@id":"https:\/\/www.ascona-locarno-run.ch\/fr\/comment-nous-rejoindre\/#breadcrumb","itemListElement":[{"@type":"ListItem","position":1,"name":"Home","item":"https:\/\/www.ascona-locarno-run.ch\/fr\/"},{"@type":"ListItem","position":2,"name":"Comment nous rejoindre"}]},{"@type":"WebSite","@id":"https:\/\/www.ascona-locarno-run.ch\/#website","url":"https:\/\/www.ascona-locarno-run.ch\/","name":"Ascona-Locarno Run","description":"L\u2019endroit parfait pour votre course !\u00a0","publisher":{"@id":"https:\/\/www.ascona-locarno-run.ch\/#organization"},"potentialAction":[{"@type":"SearchAction","target":{"@type":"EntryPoint","urlTemplate":"https:\/\/www.ascona-locarno-run.ch\/?s={search_term_string}"},"query-input":{"@type":"PropertyValueSpecification","valueRequired":true,"valueName":"search_term_string"}}],"inLanguage":"fr-FR"},{"@type":"Organization","@id":"https:\/\/www.ascona-locarno-run.ch\/#organization","name":"Ascona-Locarno Run","url":"https:\/\/www.ascona-locarno-run.ch\/","logo":{"@type":"ImageObject","inLanguage":"fr-FR","@id":"https:\/\/www.ascona-locarno-run.ch\/#\/schema\/logo\/image\/","url":"https:\/\/www.ascona-locarno-run.ch\/wp-content\/uploads\/2024\/02\/logo-alr-colored.png","contentUrl":"https:\/\/www.ascona-locarno-run.ch\/wp-content\/uploads\/2024\/02\/logo-alr-colored.png","width":800,"height":368,"caption":"Ascona-Locarno Run"},"image":{"@id":"https:\/\/www.ascona-locarno-run.ch\/#\/schema\/logo\/image\/"},"sameAs":["https:\/\/www.facebook.com\/AsconaLocarnoRun\/","https:\/\/www.instagram.com\/ascona_locarno_run\/"]}]}},"_links":{"self":[{"href":"https:\/\/www.ascona-locarno-run.ch\/fr\/wp-json\/wp\/v2\/pages\/29308","targetHints":{"allow":["GET"]}}],"collection":[{"href":"https:\/\/www.ascona-locarno-run.ch\/fr\/wp-json\/wp\/v2\/pages"}],"about":[{"href":"https:\/\/www.ascona-locarno-run.ch\/fr\/wp-json\/wp\/v2\/types\/page"}],"author":[{"embeddable":true,"href":"https:\/\/www.ascona-locarno-run.ch\/fr\/wp-json\/wp\/v2\/users\/8"}],"replies":[{"embeddable":true,"href":"https:\/\/www.ascona-locarno-run.ch\/fr\/wp-json\/wp\/v2\/comments?post=29308"}],"version-history":[{"count":5,"href":"https:\/\/www.ascona-locarno-run.ch\/fr\/wp-json\/wp\/v2\/pages\/29308\/revisions"}],"predecessor-version":[{"id":29465,"href":"https:\/\/www.ascona-locarno-run.ch\/fr\/wp-json\/wp\/v2\/pages\/29308\/revisions\/29465"}],"wp:attachment":[{"href":"https:\/\/www.ascona-locarno-run.ch\/fr\/wp-json\/wp\/v2\/media?parent=29308"}],"curies":[{"name":"wp","href":"https:\/\/api.w.org\/{rel}","templated":true}]}}