{"id":29309,"date":"2026-01-08T15:56:54","date_gmt":"2026-01-08T14:56:54","guid":{"rendered":"https:\/\/www.ascona-locarno-run.ch\/info\/come-raggiungerci\/"},"modified":"2026-01-21T10:56:03","modified_gmt":"2026-01-21T09:56:03","slug":"so-findest-du-uns","status":"publish","type":"page","link":"https:\/\/www.ascona-locarno-run.ch\/de\/info\/so-findest-du-uns\/","title":{"rendered":"So findest du uns"},"content":{"rendered":"<div class=\"fusion-fullwidth fullwidth-box fusion-builder-row-1 fusion-flex-container has-pattern-background has-mask-background nonhundred-percent-fullwidth non-hundred-percent-height-scrolling\" style=\"--awb-border-radius-top-left:0px;--awb-border-radius-top-right:0px;--awb-border-radius-bottom-right:0px;--awb-border-radius-bottom-left:0px;--awb-flex-wrap:wrap;\" ><div class=\"fusion-builder-row fusion-row fusion-flex-align-items-flex-start fusion-flex-content-wrap\" style=\"max-width:1144px;margin-left: calc(-4% \/ 2 );margin-right: calc(-4% \/ 2 );\"><div class=\"fusion-layout-column fusion_builder_column fusion-builder-column-0 fusion_builder_column_1_1 1_1 fusion-flex-column\" style=\"--awb-bg-size:cover;--awb-width-large:100%;--awb-margin-top-large:0px;--awb-spacing-right-large:1.92%;--awb-margin-bottom-large:20px;--awb-spacing-left-large:1.92%;--awb-width-medium:100%;--awb-order-medium:0;--awb-spacing-right-medium:1.92%;--awb-spacing-left-medium:1.92%;--awb-width-small:100%;--awb-order-small:0;--awb-spacing-right-small:1.92%;--awb-spacing-left-small:1.92%;\"><div class=\"fusion-column-wrapper fusion-column-has-shadow fusion-flex-justify-content-flex-start fusion-content-layout-column\"><div class=\"accordian fusion-accordian\" style=\"--awb-border-size:0px;--awb-icon-size:30px;--awb-content-font-size:var(--awb-typography4-font-size);--awb-content-letter-spacing:var(--awb-typography4-letter-spacing);--awb-content-text-transform:var(--awb-typography4-text-transform);--awb-content-line-height:var(--awb-typography4-line-height);--awb-icon-alignment:left;--awb-hover-color:var(--awb-custom10);--awb-border-color:rgba(204,204,204,0);--awb-background-color:var(--awb-custom10);--awb-divider-color:#e0dede;--awb-divider-hover-color:#e0dede;--awb-icon-color:var(--awb-color6);--awb-title-color:#ff0000;--awb-content-color:#222222;--awb-icon-box-color:#333333;--awb-toggle-hover-accent-color:var(--awb-color7);--awb-title-font-family:&quot;Poppins&quot;;--awb-title-font-weight:600;--awb-title-font-style:italic;--awb-title-font-size:var(--awb-typography2-font-size);--awb-title-letter-spacing:var(--awb-typography2-letter-spacing);--awb-title-line-height:var(--awb-typography2-line-height);--awb-title-text-transform:var(--awb-typography2-text-transform);--awb-content-font-family:var(--awb-typography4-font-family);--awb-content-font-weight:var(--awb-typography4-font-weight);--awb-content-font-style:var(--awb-typography4-font-style);\"><div class=\"panel-group fusion-toggle-icon-unboxed\" id=\"accordion-29309-1\"><div class=\"fusion-panel panel-default panel-29616a542ca9a401e fusion-toggle-no-divider fusion-toggle-boxed-mode\" style=\"--awb-title-color:#ff0000;--awb-content-color:#222222;\"><div class=\"panel-heading\"><h3 class=\"panel-title toggle\" id=\"toggle_29616a542ca9a401e\"><a aria-expanded=\"false\" aria-controls=\"29616a542ca9a401e\" role=\"button\" data-toggle=\"collapse\" data-parent=\"#accordion-29309-1\" data-target=\"#29616a542ca9a401e\" href=\"#29616a542ca9a401e\"><span class=\"fusion-toggle-icon-wrapper\" aria-hidden=\"true\"><i class=\"fa-fusion-box active-icon fa-angle-up fas\" aria-hidden=\"true\"><\/i><i class=\"fa-fusion-box inactive-icon fa-angle-down fas\" aria-hidden=\"true\"><\/i><\/span><span class=\"fusion-toggle-heading\">ZUG<\/span><\/a><\/h3><\/div><div id=\"29616a542ca9a401e\" class=\"panel-collapse collapse \" aria-labelledby=\"toggle_29616a542ca9a401e\"><div class=\"panel-body toggle-content fusion-clearfix\">\n<div class=\"fusion-text fusion-text-3\">\n<p>Aus Nord-Europa und der n\u00f6rdlichen Schweiz erreicht man die Region Lago Maggiore \u00fcber die internationalen Bahnlinien Basel-Mailand oder Z\u00fcrich-Mailand mit ihren direkten Z\u00fcgen, Intercity und EuroCity. In Bellinzona ist ein Zugwechsel nach Locarno notwendig, falls keine direkten Verbindungen vorhanden sind.<\/p>\n<p>Ab Domodossola, an der internationalen Simplon-Bahnlinie, erreicht man die Region Lago Maggiore mit der Schmalspurbahn der Centovalli, welche \u00fcber eine romantische Fahrt nach Locarno f\u00fchrt.<\/p>\n<p>Mittels der Bahnlinie Milano-Centrale via Como, erreicht man das Tessin ab jeder Station der Mittelmeer-Region, sei es mit dem Intercity wie mit dem Schnellzug EuroCity.<\/p>\n<p>Nachfolgend finden Sie die gew\u00fcnschten Zugverbindungen.<\/p>\n<ul>\n<li><a href=\"https:\/\/www.sbb.ch\/de\/freizeit-ferien\/ideen\/angebot.html\/veranstaltungen\/ascona-locarno-run?at_medium=affiliate&amp;at_campaign=RAW_2024_127&amp;at_type=website_Partner_DE\" target=\"_blank\" rel=\"noopener\">SBB<\/a><\/li>\n<li><a href=\"http:\/\/www.tilo.ch\/de\/\" target=\"_blank\" rel=\"noopener\">Tilo<\/a><\/li>\n<li><a href=\"http:\/\/www.centovalli.ch\/de\/\" target=\"_blank\" rel=\"noopener\">Centovalli (FART)<\/a>\u00a0oder\u00a0<a href=\"https:\/\/www.vigezzinacentovalli.com\/de\/\" target=\"_blank\" rel=\"noopener\">Ferrovia Vigezzina-Centovalli<\/a><\/li>\n<\/ul>\n<\/div>\n<\/div><\/div><\/div><div class=\"fusion-panel panel-default panel-503f067596d33f8f4 fusion-toggle-no-divider fusion-toggle-boxed-mode\" style=\"--awb-title-color:#ff0000;--awb-content-color:#222222;\"><div class=\"panel-heading\"><h3 class=\"panel-title toggle\" id=\"toggle_503f067596d33f8f4\"><a aria-expanded=\"false\" aria-controls=\"503f067596d33f8f4\" role=\"button\" data-toggle=\"collapse\" data-parent=\"#accordion-29309-1\" data-target=\"#503f067596d33f8f4\" href=\"#503f067596d33f8f4\"><span class=\"fusion-toggle-icon-wrapper\" aria-hidden=\"true\"><i class=\"fa-fusion-box active-icon fa-angle-up fas\" aria-hidden=\"true\"><\/i><i class=\"fa-fusion-box inactive-icon fa-angle-down fas\" aria-hidden=\"true\"><\/i><\/span><span class=\"fusion-toggle-heading\">WAGEN<\/span><\/a><\/h3><\/div><div id=\"503f067596d33f8f4\" class=\"panel-collapse collapse \" aria-labelledby=\"toggle_503f067596d33f8f4\"><div class=\"panel-body toggle-content fusion-clearfix\">\n<div class=\"fusion-text fusion-text-4\">\n<p>Wir empfehlen Ihnen, Ihren Wagen an der Grenze oder in einem f\u00fcr den \u00f6ffentlichen Verkehr*.<\/p>\n<p>Die Region Lago Maggiore ist mit dem Wagen leicht erreichbar.<\/p>\n<ul>\n<li>Von S\u00fcden her \u00fcber die Autobahn der Seen, von Mailand bis zur Schweizer Grenze Chiasso-Brogeda, danach die Autostrasse A2 folgend in Richtung Gotthard, vorbei an Mendrisio, Lugano, Bellinzona, wo sich die Ausfahrt nach Locarno \u2013 Lago Maggiore befindet.<\/li>\n<li>Von Norden herkommend \u00fcber die Autobahn A2 Gotthard \u2013 Bellinzona, Ausfahrt Bellinzona S\u00fcd in Richtung Locarno \u2013 Lago Maggiore.<\/li>\n<li>Ebenfalls von Norden her gibt es die M\u00f6glichkeit \u00fcber die Simplon-Strasse E62 bis Domodossola und weiter die SS337 (Valle Vigezzo) in Richtung Locarno.<\/li>\n<\/ul>\n<p>Das Strassennetz im Tessin ist sehr sicher und entspricht den modernen Anspr\u00fcchen.<\/p>\n<p><b>Licht an: Jetzt auch am Tag.<\/b><\/p>\n<p>In der Schweiz ist Licht auch tags\u00fcber f\u00fcr alle motorisierten Verkehrsteilnehmer vorgeschrieben.<\/p>\n<p><b>Siehe auch:\u00a0<\/b><a href=\"https:\/\/www.tcs.ch\/de\/tools\/verkehrsinfo\/\"><b>TCS<\/b><\/a><b>\u00a0\u2013\u00a0Verkehrsinfo \u2013 immer gut informiert<\/b><\/p>\n<p>Beim TCS finden Sie alle Verkehrsinfos, die Sie f\u00fcr Ihre n\u00e4chste Fahrt brauchen: Staumeldungen, Verkehrsprognosen, Routenplaner und vieles mehr.<\/p>\n<p><em>*Parkgeb\u00fchren gehen zu Ihren Lasten.<\/em><\/p>\n<\/div>\n<\/div><\/div><\/div><div class=\"fusion-panel panel-default panel-a7f523d87c5617141 fusion-toggle-no-divider fusion-toggle-boxed-mode\" style=\"--awb-title-color:#ff0000;--awb-content-color:#222222;\"><div class=\"panel-heading\"><h3 class=\"panel-title toggle\" id=\"toggle_a7f523d87c5617141\"><a aria-expanded=\"false\" aria-controls=\"a7f523d87c5617141\" role=\"button\" data-toggle=\"collapse\" data-parent=\"#accordion-29309-1\" data-target=\"#a7f523d87c5617141\" href=\"#a7f523d87c5617141\"><span class=\"fusion-toggle-icon-wrapper\" aria-hidden=\"true\"><i class=\"fa-fusion-box active-icon fa-angle-up fas\" aria-hidden=\"true\"><\/i><i class=\"fa-fusion-box inactive-icon fa-angle-down fas\" aria-hidden=\"true\"><\/i><\/span><span class=\"fusion-toggle-heading\">FLUGZEUG<\/span><\/a><\/h3><\/div><div id=\"a7f523d87c5617141\" class=\"panel-collapse collapse \" aria-labelledby=\"toggle_a7f523d87c5617141\"><div class=\"panel-body toggle-content fusion-clearfix\">\n<div class=\"fusion-text fusion-text-5\">\n<p>Sie k\u00f6nnen Ascona-Locarno bequem von zwei internationalen Flugh\u00e4fen in der N\u00e4he der Region Lago Maggiore erreichen!*<\/p>\n<p>Vom internationalen Flughafen Z\u00fcrich aus k\u00f6nnen Sie direkt den Zug nach Locarno nehmen. Alle angemeldeten Teilnehmer profitieren von den kostenlosen \u00f6ffentlichen Verkehrsmitteln im Schweizer Gebiet.\u00a0 Denken Sie daran, das kostenlose Billett auf <a href=\"https:\/\/www.sbb.ch\/de\/freizeit-ferien\/ideen\/angebot.html\/veranstaltungen\/ascona-locarno-run?at_medium=affiliate&amp;at_campaign=RAW_2024_127&amp;at_type=website_Partner_DE\" target=\"_blank\" rel=\"noopener\">sbb.ch<\/a> mit den Promo-Codes auszudrucken!<\/p>\n<p>Vom internationalen Flughafen Mailand-Malpensa k\u00f6nnen Sie den Zug nach Locarno nehmen. Denken Sie daran, das Billett f\u00fcr den italienischen Streckenabschnitt zu bezahlen! F\u00fcr den Schweizer Streckenabschnitt profitieren Sie von dem kostenlosen Billett f\u00fcr die angemeldeten Teilnehmer (das kostenlose Billett von der Schweizer Grenze nach Locarno m\u00fcssen Sie mit den Promo-Codes auf <a href=\"https:\/\/www.sbb.ch\/de\/freizeit-ferien\/ideen\/angebot.html\/veranstaltungen\/ascona-locarno-run?at_medium=affiliate&amp;at_campaign=RAW_2024_127&amp;at_type=website_Partner_DE\" target=\"_blank\" rel=\"noopener\">sbb.ch<\/a> ausdrucken).<\/p>\n<p><em>*Die Kosten der gesamten Bef\u00f6rderung bis zum Schweizer Gebiet gehen zu Lasten der Teilnehmer an den Rennen.<\/em><\/p>\n<\/div>\n<\/div><\/div><\/div><\/div><\/div><\/div><\/div><\/div><\/div>\n","protected":false},"excerpt":{"rendered":"","protected":false},"author":8,"featured_media":0,"parent":12739,"menu_order":0,"comment_status":"closed","ping_status":"closed","template":"","meta":{"footnotes":""},"class_list":["post-29309","page","type-page","status-publish","hentry"],"yoast_head":"<!-- This site is optimized with the Yoast SEO plugin v27.3 - https:\/\/yoast.com\/product\/yoast-seo-wordpress\/ -->\n<title>So findest du uns - Ascona-Locarno Run<\/title>\n<meta name=\"robots\" content=\"index, follow, max-snippet:-1, max-image-preview:large, max-video-preview:-1\" \/>\n<link rel=\"canonical\" href=\"https:\/\/www.ascona-locarno-run.ch\/de\/info\/so-findest-du-uns\/\" \/>\n<meta property=\"og:locale\" content=\"de_DE\" \/>\n<meta property=\"og:type\" content=\"article\" \/>\n<meta property=\"og:title\" content=\"So findest du uns - Ascona-Locarno Run\" \/>\n<meta property=\"og:url\" content=\"https:\/\/www.ascona-locarno-run.ch\/de\/info\/so-findest-du-uns\/\" \/>\n<meta property=\"og:site_name\" content=\"Ascona-Locarno Run\" \/>\n<meta property=\"article:publisher\" content=\"https:\/\/www.facebook.com\/AsconaLocarnoRun\/\" \/>\n<meta property=\"article:modified_time\" content=\"2026-01-21T09:56:03+00:00\" \/>\n<meta property=\"og:image\" content=\"https:\/\/www.ascona-locarno-run.ch\/wp-content\/uploads\/2024\/03\/alr-FB-cover-2024.jpg\" \/>\n\t<meta property=\"og:image:width\" content=\"851\" \/>\n\t<meta property=\"og:image:height\" content=\"315\" \/>\n\t<meta property=\"og:image:type\" content=\"image\/jpeg\" \/>\n<meta name=\"twitter:card\" content=\"summary_large_image\" \/>\n<meta name=\"twitter:label1\" content=\"Gesch\u00e4tzte Lesezeit\" \/>\n\t<meta name=\"twitter:data1\" content=\"3\u00a0Minuten\" \/>\n<script type=\"application\/ld+json\" class=\"yoast-schema-graph\">{\"@context\":\"https:\\\/\\\/schema.org\",\"@graph\":[{\"@type\":\"WebPage\",\"@id\":\"https:\\\/\\\/www.ascona-locarno-run.ch\\\/de\\\/info\\\/so-findest-du-uns\\\/\",\"url\":\"https:\\\/\\\/www.ascona-locarno-run.ch\\\/de\\\/info\\\/so-findest-du-uns\\\/\",\"name\":\"So findest du uns - Ascona-Locarno Run\",\"isPartOf\":{\"@id\":\"https:\\\/\\\/www.ascona-locarno-run.ch\\\/#website\"},\"datePublished\":\"2026-01-08T14:56:54+00:00\",\"dateModified\":\"2026-01-21T09:56:03+00:00\",\"breadcrumb\":{\"@id\":\"https:\\\/\\\/www.ascona-locarno-run.ch\\\/de\\\/info\\\/so-findest-du-uns\\\/#breadcrumb\"},\"inLanguage\":\"de\",\"potentialAction\":[{\"@type\":\"ReadAction\",\"target\":[\"https:\\\/\\\/www.ascona-locarno-run.ch\\\/de\\\/info\\\/so-findest-du-uns\\\/\"]}]},{\"@type\":\"BreadcrumbList\",\"@id\":\"https:\\\/\\\/www.ascona-locarno-run.ch\\\/de\\\/info\\\/so-findest-du-uns\\\/#breadcrumb\",\"itemListElement\":[{\"@type\":\"ListItem\",\"position\":1,\"name\":\"Home\",\"item\":\"https:\\\/\\\/www.ascona-locarno-run.ch\\\/de\\\/\"},{\"@type\":\"ListItem\",\"position\":2,\"name\":\"Info\",\"item\":\"https:\\\/\\\/www.ascona-locarno-run.ch\\\/de\\\/info\\\/\"},{\"@type\":\"ListItem\",\"position\":3,\"name\":\"So findest du uns\"}]},{\"@type\":\"WebSite\",\"@id\":\"https:\\\/\\\/www.ascona-locarno-run.ch\\\/#website\",\"url\":\"https:\\\/\\\/www.ascona-locarno-run.ch\\\/\",\"name\":\"Ascona-Locarno Run\",\"description\":\"Der perfekte Ort f\u00fcr Ihren Lauf!\",\"publisher\":{\"@id\":\"https:\\\/\\\/www.ascona-locarno-run.ch\\\/#organization\"},\"potentialAction\":[{\"@type\":\"SearchAction\",\"target\":{\"@type\":\"EntryPoint\",\"urlTemplate\":\"https:\\\/\\\/www.ascona-locarno-run.ch\\\/?s={search_term_string}\"},\"query-input\":{\"@type\":\"PropertyValueSpecification\",\"valueRequired\":true,\"valueName\":\"search_term_string\"}}],\"inLanguage\":\"de\"},{\"@type\":\"Organization\",\"@id\":\"https:\\\/\\\/www.ascona-locarno-run.ch\\\/#organization\",\"name\":\"Ascona-Locarno Run\",\"url\":\"https:\\\/\\\/www.ascona-locarno-run.ch\\\/\",\"logo\":{\"@type\":\"ImageObject\",\"inLanguage\":\"de\",\"@id\":\"https:\\\/\\\/www.ascona-locarno-run.ch\\\/#\\\/schema\\\/logo\\\/image\\\/\",\"url\":\"https:\\\/\\\/www.ascona-locarno-run.ch\\\/wp-content\\\/uploads\\\/2024\\\/02\\\/logo-alr-colored.png\",\"contentUrl\":\"https:\\\/\\\/www.ascona-locarno-run.ch\\\/wp-content\\\/uploads\\\/2024\\\/02\\\/logo-alr-colored.png\",\"width\":800,\"height\":368,\"caption\":\"Ascona-Locarno Run\"},\"image\":{\"@id\":\"https:\\\/\\\/www.ascona-locarno-run.ch\\\/#\\\/schema\\\/logo\\\/image\\\/\"},\"sameAs\":[\"https:\\\/\\\/www.facebook.com\\\/AsconaLocarnoRun\\\/\",\"https:\\\/\\\/www.instagram.com\\\/ascona_locarno_run\\\/\"]}]}<\/script>\n<!-- \/ Yoast SEO plugin. -->","yoast_head_json":{"title":"So findest du uns - Ascona-Locarno Run","robots":{"index":"index","follow":"follow","max-snippet":"max-snippet:-1","max-image-preview":"max-image-preview:large","max-video-preview":"max-video-preview:-1"},"canonical":"https:\/\/www.ascona-locarno-run.ch\/de\/info\/so-findest-du-uns\/","og_locale":"de_DE","og_type":"article","og_title":"So findest du uns - Ascona-Locarno Run","og_url":"https:\/\/www.ascona-locarno-run.ch\/de\/info\/so-findest-du-uns\/","og_site_name":"Ascona-Locarno Run","article_publisher":"https:\/\/www.facebook.com\/AsconaLocarnoRun\/","article_modified_time":"2026-01-21T09:56:03+00:00","og_image":[{"width":851,"height":315,"url":"https:\/\/www.ascona-locarno-run.ch\/wp-content\/uploads\/2024\/03\/alr-FB-cover-2024.jpg","type":"image\/jpeg"}],"twitter_card":"summary_large_image","twitter_misc":{"Gesch\u00e4tzte Lesezeit":"3\u00a0Minuten"},"schema":{"@context":"https:\/\/schema.org","@graph":[{"@type":"WebPage","@id":"https:\/\/www.ascona-locarno-run.ch\/de\/info\/so-findest-du-uns\/","url":"https:\/\/www.ascona-locarno-run.ch\/de\/info\/so-findest-du-uns\/","name":"So findest du uns - Ascona-Locarno Run","isPartOf":{"@id":"https:\/\/www.ascona-locarno-run.ch\/#website"},"datePublished":"2026-01-08T14:56:54+00:00","dateModified":"2026-01-21T09:56:03+00:00","breadcrumb":{"@id":"https:\/\/www.ascona-locarno-run.ch\/de\/info\/so-findest-du-uns\/#breadcrumb"},"inLanguage":"de","potentialAction":[{"@type":"ReadAction","target":["https:\/\/www.ascona-locarno-run.ch\/de\/info\/so-findest-du-uns\/"]}]},{"@type":"BreadcrumbList","@id":"https:\/\/www.ascona-locarno-run.ch\/de\/info\/so-findest-du-uns\/#breadcrumb","itemListElement":[{"@type":"ListItem","position":1,"name":"Home","item":"https:\/\/www.ascona-locarno-run.ch\/de\/"},{"@type":"ListItem","position":2,"name":"Info","item":"https:\/\/www.ascona-locarno-run.ch\/de\/info\/"},{"@type":"ListItem","position":3,"name":"So findest du uns"}]},{"@type":"WebSite","@id":"https:\/\/www.ascona-locarno-run.ch\/#website","url":"https:\/\/www.ascona-locarno-run.ch\/","name":"Ascona-Locarno Run","description":"Der perfekte Ort f\u00fcr Ihren Lauf!","publisher":{"@id":"https:\/\/www.ascona-locarno-run.ch\/#organization"},"potentialAction":[{"@type":"SearchAction","target":{"@type":"EntryPoint","urlTemplate":"https:\/\/www.ascona-locarno-run.ch\/?s={search_term_string}"},"query-input":{"@type":"PropertyValueSpecification","valueRequired":true,"valueName":"search_term_string"}}],"inLanguage":"de"},{"@type":"Organization","@id":"https:\/\/www.ascona-locarno-run.ch\/#organization","name":"Ascona-Locarno Run","url":"https:\/\/www.ascona-locarno-run.ch\/","logo":{"@type":"ImageObject","inLanguage":"de","@id":"https:\/\/www.ascona-locarno-run.ch\/#\/schema\/logo\/image\/","url":"https:\/\/www.ascona-locarno-run.ch\/wp-content\/uploads\/2024\/02\/logo-alr-colored.png","contentUrl":"https:\/\/www.ascona-locarno-run.ch\/wp-content\/uploads\/2024\/02\/logo-alr-colored.png","width":800,"height":368,"caption":"Ascona-Locarno Run"},"image":{"@id":"https:\/\/www.ascona-locarno-run.ch\/#\/schema\/logo\/image\/"},"sameAs":["https:\/\/www.facebook.com\/AsconaLocarnoRun\/","https:\/\/www.instagram.com\/ascona_locarno_run\/"]}]}},"_links":{"self":[{"href":"https:\/\/www.ascona-locarno-run.ch\/de\/wp-json\/wp\/v2\/pages\/29309","targetHints":{"allow":["GET"]}}],"collection":[{"href":"https:\/\/www.ascona-locarno-run.ch\/de\/wp-json\/wp\/v2\/pages"}],"about":[{"href":"https:\/\/www.ascona-locarno-run.ch\/de\/wp-json\/wp\/v2\/types\/page"}],"author":[{"embeddable":true,"href":"https:\/\/www.ascona-locarno-run.ch\/de\/wp-json\/wp\/v2\/users\/8"}],"replies":[{"embeddable":true,"href":"https:\/\/www.ascona-locarno-run.ch\/de\/wp-json\/wp\/v2\/comments?post=29309"}],"version-history":[{"count":4,"href":"https:\/\/www.ascona-locarno-run.ch\/de\/wp-json\/wp\/v2\/pages\/29309\/revisions"}],"predecessor-version":[{"id":29466,"href":"https:\/\/www.ascona-locarno-run.ch\/de\/wp-json\/wp\/v2\/pages\/29309\/revisions\/29466"}],"up":[{"embeddable":true,"href":"https:\/\/www.ascona-locarno-run.ch\/de\/wp-json\/wp\/v2\/pages\/12739"}],"wp:attachment":[{"href":"https:\/\/www.ascona-locarno-run.ch\/de\/wp-json\/wp\/v2\/media?parent=29309"}],"curies":[{"name":"wp","href":"https:\/\/api.w.org\/{rel}","templated":true}]}}